{"id":1710,"date":"2021-11-21T15:14:19","date_gmt":"2021-11-21T15:14:19","guid":{"rendered":"https:\/\/wp.smartc0de.de\/?page_id=1710"},"modified":"2023-05-14T14:13:22","modified_gmt":"2023-05-14T14:13:22","slug":"about-3","status":"publish","type":"page","link":"https:\/\/wp.smartc0de.de\/?page_id=1710","title":{"rendered":"About"},"content":{"rendered":"\t\t<div data-elementor-type=\"wp-page\" data-elementor-id=\"1710\" class=\"elementor elementor-1710\">\n\t\t\t\t\t\t\t\t\t<section class=\"elementor-section elementor-top-section elementor-element elementor-element-3447f83 elementor-section-height-min-height elementor-section-boxed elementor-section-height-default elementor-section-items-middle\" data-id=\"3447f83\" data-element_type=\"section\" data-settings=\"{&quot;background_background&quot;:&quot;classic&quot;}\">\n\t\t\t\t\t\t<div class=\"elementor-container elementor-column-gap-default\">\n\t\t\t\t\t<div class=\"elementor-column elementor-col-100 elementor-top-column elementor-element elementor-element-b3a35f8\" data-id=\"b3a35f8\" data-element_type=\"column\">\n\t\t\t<div class=\"elementor-widget-wrap elementor-element-populated\">\n\t\t\t\t\t\t\t\t<div class=\"elementor-element elementor-element-32eb271 elementor-widget elementor-widget-heading\" data-id=\"32eb271\" data-element_type=\"widget\" data-widget_type=\"heading.default\">\n\t\t\t\t<div class=\"elementor-widget-container\">\n\t\t\t<style>\/*! elementor - v3.12.2 - 23-04-2023 *\/\n.elementor-heading-title{padding:0;margin:0;line-height:1}.elementor-widget-heading .elementor-heading-title[class*=elementor-size-]>a{color:inherit;font-size:inherit;line-height:inherit}.elementor-widget-heading .elementor-heading-title.elementor-size-small{font-size:15px}.elementor-widget-heading .elementor-heading-title.elementor-size-medium{font-size:19px}.elementor-widget-heading .elementor-heading-title.elementor-size-large{font-size:29px}.elementor-widget-heading .elementor-heading-title.elementor-size-xl{font-size:39px}.elementor-widget-heading .elementor-heading-title.elementor-size-xxl{font-size:59px}<\/style><h1 class=\"elementor-heading-title elementor-size-default\">Who are we?<\/h1>\t\t<\/div>\n\t\t\t\t<\/div>\n\t\t\t\t\t<\/div>\n\t\t<\/div>\n\t\t\t\t\t\t\t<\/div>\n\t\t<\/section>\n\t\t\t\t<section class=\"elementor-section elementor-top-section elementor-element elementor-element-460970c elementor-section-boxed elementor-section-height-default elementor-section-height-default\" data-id=\"460970c\" data-element_type=\"section\">\n\t\t\t\t\t\t<div class=\"elementor-container elementor-column-gap-wide\">\n\t\t\t\t\t<div class=\"elementor-column elementor-col-50 elementor-top-column elementor-element elementor-element-21f68a6\" data-id=\"21f68a6\" data-element_type=\"column\">\n\t\t\t<div class=\"elementor-widget-wrap elementor-element-populated\">\n\t\t\t\t\t\t\t\t<div class=\"elementor-element elementor-element-670e6d2 elementor-widget elementor-widget-image\" data-id=\"670e6d2\" data-element_type=\"widget\" data-widget_type=\"image.default\">\n\t\t\t\t<div class=\"elementor-widget-container\">\n\t\t\t<style>\/*! elementor - v3.12.2 - 23-04-2023 *\/\n.elementor-widget-image{text-align:center}.elementor-widget-image a{display:inline-block}.elementor-widget-image a img[src$=\".svg\"]{width:48px}.elementor-widget-image img{vertical-align:middle;display:inline-block}<\/style>\t\t\t\t\t\t\t\t\t\t\t\t<img loading=\"lazy\" decoding=\"async\" width=\"734\" height=\"898\" src=\"https:\/\/wp.smartc0de.de\/wp-content\/uploads\/2023\/05\/smartcode.png\" class=\"attachment-large size-large wp-image-1900\" alt=\"\" srcset=\"https:\/\/wp.smartc0de.de\/wp-content\/uploads\/2023\/05\/smartcode.png 734w, https:\/\/wp.smartc0de.de\/wp-content\/uploads\/2023\/05\/smartcode-245x300.png 245w, https:\/\/wp.smartc0de.de\/wp-content\/uploads\/2023\/05\/smartcode-600x734.png 600w\" sizes=\"auto, (max-width: 734px) 100vw, 734px\" \/>\t\t\t\t\t\t\t\t\t\t\t\t\t\t\t<\/div>\n\t\t\t\t<\/div>\n\t\t\t\t\t<\/div>\n\t\t<\/div>\n\t\t\t\t<div class=\"elementor-column elementor-col-50 elementor-top-column elementor-element elementor-element-bc42c60\" data-id=\"bc42c60\" data-element_type=\"column\">\n\t\t\t<div class=\"elementor-widget-wrap elementor-element-populated\">\n\t\t\t\t\t\t\t\t<div class=\"elementor-element elementor-element-0073403 elementor-widget elementor-widget-heading\" data-id=\"0073403\" data-element_type=\"widget\" data-widget_type=\"heading.default\">\n\t\t\t\t<div class=\"elementor-widget-container\">\n\t\t\t<h2 class=\"elementor-heading-title elementor-size-default\"><h2 data-elementor-setting-key=\"title\" data-pen-placeholder=\"Type Here...\" style=\"font-style: normal;\">ABOUT US<\/h2><\/h2>\t\t<\/div>\n\t\t\t\t<\/div>\n\t\t\t\t<div class=\"elementor-element elementor-element-60241e2 elementor-widget elementor-widget-text-editor\" data-id=\"60241e2\" data-element_type=\"widget\" data-widget_type=\"text-editor.default\">\n\t\t\t\t<div class=\"elementor-widget-container\">\n\t\t\t<style>\/*! elementor - v3.12.2 - 23-04-2023 *\/\n.elementor-widget-text-editor.elementor-drop-cap-view-stacked .elementor-drop-cap{background-color:#69727d;color:#fff}.elementor-widget-text-editor.elementor-drop-cap-view-framed .elementor-drop-cap{color:#69727d;border:3px solid;background-color:transparent}.elementor-widget-text-editor:not(.elementor-drop-cap-view-default) .elementor-drop-cap{margin-top:8px}.elementor-widget-text-editor:not(.elementor-drop-cap-view-default) .elementor-drop-cap-letter{width:1em;height:1em}.elementor-widget-text-editor .elementor-drop-cap{float:left;text-align:center;line-height:1;font-size:50px}.elementor-widget-text-editor .elementor-drop-cap-letter{display:inline-block}<\/style>\t\t\t\t<p>Wir sind die<strong> Smart Code GmbH<\/strong>, einem f\u00fchrenden <strong>IT-Unternehmen<\/strong>, das sich auf den Verkauf von <strong>Kassensystemen<\/strong>, die Integration von <strong>Self-Ordering-Systemen<\/strong> und <strong>Digital-Signage<\/strong> sowie die Entwicklung von <strong>Roboterarmen<\/strong> f\u00fcr die K\u00fcchenhilfe spezialisiert hat.<\/p><p>\u00a0<\/p><p>Seit unserer Gr\u00fcndung haben wir uns auf die Bereitstellung qualitativ hochwertiger IT-L\u00f6sungen konzentriert und viele Kunden deutschlandweit bedient.<\/p><p>\u00a0<\/p><p>Unser <strong>Smart Code Team<\/strong> besteht aus Entwicklern, Ingenieuren, Technikern und Beratern, die alle bestrebt sind, qualitativ hochwertige IT-L\u00f6sungen zu liefern.<\/p><p>\u00a0<\/p><p>Als Unternehmen legen wir Wert auf <strong>Innovation<\/strong>, <strong>Kundenservice<\/strong> und <strong>Qualit\u00e4t<\/strong>.<\/p><p>Wir glauben, dass unsere Kunden das R\u00fcckgrat unseres Gesch\u00e4fts sind und bem\u00fchen uns, ihnen jederzeit einen hervorragenden Service und Support zu bieten.<\/p>\t\t\t\t\t\t<\/div>\n\t\t\t\t<\/div>\n\t\t\t\t\t<\/div>\n\t\t<\/div>\n\t\t\t\t\t\t\t<\/div>\n\t\t<\/section>\n\t\t\t\t<section class=\"elementor-section elementor-top-section elementor-element elementor-element-2bcdfff elementor-section-boxed elementor-section-height-default elementor-section-height-default\" data-id=\"2bcdfff\" data-element_type=\"section\">\n\t\t\t\t\t\t<div class=\"elementor-container elementor-column-gap-wide\">\n\t\t\t\t\t<div class=\"elementor-column elementor-col-50 elementor-top-column elementor-element elementor-element-9ebb7b0\" data-id=\"9ebb7b0\" data-element_type=\"column\">\n\t\t\t<div class=\"elementor-widget-wrap elementor-element-populated\">\n\t\t\t\t\t\t\t\t<div class=\"elementor-element elementor-element-5eeb1dd elementor-widget elementor-widget-image\" data-id=\"5eeb1dd\" data-element_type=\"widget\" data-widget_type=\"image.default\">\n\t\t\t\t<div class=\"elementor-widget-container\">\n\t\t\t\t\t\t\t\t\t\t\t\t\t\t\t<img loading=\"lazy\" decoding=\"async\" width=\"1024\" height=\"762\" src=\"https:\/\/wp.smartc0de.de\/wp-content\/uploads\/2023\/05\/Untitled-design-4-1024x762.png\" class=\"attachment-large size-large wp-image-1904\" alt=\"\" srcset=\"https:\/\/wp.smartc0de.de\/wp-content\/uploads\/2023\/05\/Untitled-design-4-1024x762.png 1024w, https:\/\/wp.smartc0de.de\/wp-content\/uploads\/2023\/05\/Untitled-design-4-300x223.png 300w, https:\/\/wp.smartc0de.de\/wp-content\/uploads\/2023\/05\/Untitled-design-4-768x572.png 768w, https:\/\/wp.smartc0de.de\/wp-content\/uploads\/2023\/05\/Untitled-design-4-600x447.png 600w, https:\/\/wp.smartc0de.de\/wp-content\/uploads\/2023\/05\/Untitled-design-4.png 1236w\" sizes=\"auto, (max-width: 1024px) 100vw, 1024px\" \/>\t\t\t\t\t\t\t\t\t\t\t\t\t\t\t<\/div>\n\t\t\t\t<\/div>\n\t\t\t\t\t<\/div>\n\t\t<\/div>\n\t\t\t\t<div class=\"elementor-column elementor-col-50 elementor-top-column elementor-element elementor-element-4655cb0\" data-id=\"4655cb0\" data-element_type=\"column\">\n\t\t\t<div class=\"elementor-widget-wrap elementor-element-populated\">\n\t\t\t\t\t\t\t\t<div class=\"elementor-element elementor-element-707008d elementor-widget elementor-widget-heading\" data-id=\"707008d\" data-element_type=\"widget\" data-widget_type=\"heading.default\">\n\t\t\t\t<div class=\"elementor-widget-container\">\n\t\t\t<h2 class=\"elementor-heading-title elementor-size-default\">UNSERE Mission<\/h2>\t\t<\/div>\n\t\t\t\t<\/div>\n\t\t\t\t<div class=\"elementor-element elementor-element-683032b elementor-widget elementor-widget-text-editor\" data-id=\"683032b\" data-element_type=\"widget\" data-widget_type=\"text-editor.default\">\n\t\t\t\t<div class=\"elementor-widget-container\">\n\t\t\t\t\t\t\t<p>Unsere Mission ist es, unseren Kunden die <strong>bestm\u00f6glichen IT-L\u00f6sungen<\/strong> anzubieten, die auf ihre spezifischen Gesch\u00e4ftsanforderungen zugeschnitten sind.<\/p><p>Wir sind bestrebt, innovative und fortschrittliche Technologien zu entwickeln, die unseren Kunden helfen, ihre <strong>Gesch\u00e4ftsprozesse <\/strong>zu <strong>optimieren<\/strong> und zu <strong>automatisieren<\/strong>, um eine <strong>h\u00f6here Effizienz<\/strong> und <strong>Rentabilit\u00e4t<\/strong> zu erzielen.<\/p><p>\u00a0<\/p><p>Wir glauben, dass <strong>Technologie eine transformative Kraft f\u00fcr Unternehmen<\/strong> sein kann und dass wir durch die Bereitstellung fortschrittlicher IT-L\u00f6sungen einen positiven Einfluss auf das Gesch\u00e4ft unserer Kunden aus\u00fcben k\u00f6nnen.<\/p>\t\t\t\t\t\t<\/div>\n\t\t\t\t<\/div>\n\t\t\t\t\t<\/div>\n\t\t<\/div>\n\t\t\t\t\t\t\t<\/div>\n\t\t<\/section>\n\t\t\t\t<section class=\"elementor-section elementor-top-section elementor-element elementor-element-e0102a6 elementor-section-boxed elementor-section-height-default elementor-section-height-default\" data-id=\"e0102a6\" data-element_type=\"section\">\n\t\t\t\t\t\t<div class=\"elementor-container elementor-column-gap-wide\">\n\t\t\t\t\t<div class=\"elementor-column elementor-col-50 elementor-top-column elementor-element elementor-element-d66da88\" data-id=\"d66da88\" data-element_type=\"column\">\n\t\t\t<div class=\"elementor-widget-wrap elementor-element-populated\">\n\t\t\t\t\t\t\t\t<div class=\"elementor-element elementor-element-f271538 elementor-widget elementor-widget-image\" data-id=\"f271538\" data-element_type=\"widget\" data-widget_type=\"image.default\">\n\t\t\t\t<div class=\"elementor-widget-container\">\n\t\t\t\t\t\t\t\t\t\t\t\t\t\t\t<img loading=\"lazy\" decoding=\"async\" width=\"1024\" height=\"762\" src=\"https:\/\/wp.smartc0de.de\/wp-content\/uploads\/2023\/05\/Untitled-design-5-1024x762.png\" class=\"attachment-large size-large wp-image-1908\" alt=\"\" srcset=\"https:\/\/wp.smartc0de.de\/wp-content\/uploads\/2023\/05\/Untitled-design-5-1024x762.png 1024w, https:\/\/wp.smartc0de.de\/wp-content\/uploads\/2023\/05\/Untitled-design-5-300x223.png 300w, https:\/\/wp.smartc0de.de\/wp-content\/uploads\/2023\/05\/Untitled-design-5-768x572.png 768w, https:\/\/wp.smartc0de.de\/wp-content\/uploads\/2023\/05\/Untitled-design-5-600x447.png 600w, https:\/\/wp.smartc0de.de\/wp-content\/uploads\/2023\/05\/Untitled-design-5.png 1236w\" sizes=\"auto, (max-width: 1024px) 100vw, 1024px\" \/>\t\t\t\t\t\t\t\t\t\t\t\t\t\t\t<\/div>\n\t\t\t\t<\/div>\n\t\t\t\t\t<\/div>\n\t\t<\/div>\n\t\t\t\t<div class=\"elementor-column elementor-col-50 elementor-top-column elementor-element elementor-element-8c75ab5\" data-id=\"8c75ab5\" data-element_type=\"column\">\n\t\t\t<div class=\"elementor-widget-wrap elementor-element-populated\">\n\t\t\t\t\t\t\t\t<div class=\"elementor-element elementor-element-033404f elementor-widget elementor-widget-heading\" data-id=\"033404f\" data-element_type=\"widget\" data-widget_type=\"heading.default\">\n\t\t\t\t<div class=\"elementor-widget-container\">\n\t\t\t<h2 class=\"elementor-heading-title elementor-size-default\">UNSER ZIEL<\/h2>\t\t<\/div>\n\t\t\t\t<\/div>\n\t\t\t\t<div class=\"elementor-element elementor-element-2091eb5 elementor-widget elementor-widget-text-editor\" data-id=\"2091eb5\" data-element_type=\"widget\" data-widget_type=\"text-editor.default\">\n\t\t\t\t<div class=\"elementor-widget-container\">\n\t\t\t\t\t\t\t<p><strong>Wir arbeiten eng mit unseren Kunden zusammen<\/strong>, um ihre Bed\u00fcrfnisse zu verstehen und L\u00f6sungen zu entwickeln, die ihnen helfen, ihre Gesch\u00e4ftsziele zu erreichen.<\/p><p>\u00a0<\/p><p><strong>Unser Ziel<\/strong> ist es, ein vertrauensw\u00fcrdiger Partner f\u00fcr unsere Kunden zu sein und langfristige Beziehungen aufzubauen, die auf Zuverl\u00e4ssigkeit, Qualit\u00e4t und Kundenzufriedenheit basieren.<\/p><p>Wir glauben an Transparenz und offene Kommunikation und bem\u00fchen uns, unseren Kunden jederzeit einen hervorragenden Service und Support zu bieten.<\/p><p>\u00a0<\/p><p><strong>Mit unserem Fokus auf Innovation, Qualit\u00e4t und Kundenservice<\/strong> sind wir zuversichtlich, dass wir unsere Mission erfolgreich umsetzen und unseren Kunden die bestm\u00f6glichen IT-L\u00f6sungen bieten werden.<\/p>\t\t\t\t\t\t<\/div>\n\t\t\t\t<\/div>\n\t\t\t\t\t<\/div>\n\t\t<\/div>\n\t\t\t\t\t\t\t<\/div>\n\t\t<\/section>\n\t\t\t\t\t\t\t<\/div>\n\t\t","protected":false},"excerpt":{"rendered":"<p>Who are we? ABOUT US Wir sind die Smart Code GmbH, einem f\u00fchrenden IT-Unternehmen, das sich auf den Verkauf von Kassensystemen, die Integration von Self-Ordering-Systemen und Digital-Signage sowie die Entwicklung von Roboterarmen f\u00fcr die K\u00fcchenhilfe spezialisiert hat. \u00a0 Seit unserer Gr\u00fcndung haben wir uns auf die Bereitstellung qualitativ hochwertiger IT-L\u00f6sungen konzentriert und viele Kunden deutschlandweit &hellip;<\/p>\n<p class=\"read-more\"> <a class=\"\" href=\"https:\/\/wp.smartc0de.de\/?page_id=1710\"> <span class=\"screen-reader-text\">About<\/span> Read More &raquo;<\/a><\/p>\n","protected":false},"author":1,"featured_media":0,"parent":0,"menu_order":0,"comment_status":"closed","ping_status":"closed","template":"","meta":{"site-sidebar-layout":"no-sidebar","site-content-layout":"page-builder","ast-global-header-display":"","ast-banner-title-visibility":"","ast-main-header-display":"","ast-hfb-above-header-display":"","ast-hfb-below-header-display":"","ast-hfb-mobile-header-display":"","site-post-title":"disabled","ast-breadcrumbs-content":"","ast-featured-img":"disabled","footer-sml-layout":"","theme-transparent-header-meta":"enabled","adv-header-id-meta":"","stick-header-meta":"","header-above-stick-meta":"","header-main-stick-meta":"","header-below-stick-meta":"","footnotes":""},"class_list":["post-1710","page","type-page","status-publish","hentry"],"_links":{"self":[{"href":"https:\/\/wp.smartc0de.de\/index.php?rest_route=\/wp\/v2\/pages\/1710","targetHints":{"allow":["GET"]}}],"collection":[{"href":"https:\/\/wp.smartc0de.de\/index.php?rest_route=\/wp\/v2\/pages"}],"about":[{"href":"https:\/\/wp.smartc0de.de\/index.php?rest_route=\/wp\/v2\/types\/page"}],"author":[{"embeddable":true,"href":"https:\/\/wp.smartc0de.de\/index.php?rest_route=\/wp\/v2\/users\/1"}],"replies":[{"embeddable":true,"href":"https:\/\/wp.smartc0de.de\/index.php?rest_route=%2Fwp%2Fv2%2Fcomments&post=1710"}],"version-history":[{"count":46,"href":"https:\/\/wp.smartc0de.de\/index.php?rest_route=\/wp\/v2\/pages\/1710\/revisions"}],"predecessor-version":[{"id":1960,"href":"https:\/\/wp.smartc0de.de\/index.php?rest_route=\/wp\/v2\/pages\/1710\/revisions\/1960"}],"wp:attachment":[{"href":"https:\/\/wp.smartc0de.de\/index.php?rest_route=%2Fwp%2Fv2%2Fmedia&parent=1710"}],"curies":[{"name":"wp","href":"https:\/\/api.w.org\/{rel}","templated":true}]}}